{"id":26,"date":"2016-02-12T08:13:33","date_gmt":"2016-02-12T08:13:33","guid":{"rendered":"http:\/\/demos.famethemes.com\/onepress\/?page_id=26"},"modified":"2022-08-24T18:08:36","modified_gmt":"2022-08-24T18:08:36","slug":"project-summary","status":"publish","type":"page","link":"https:\/\/prometheasproject.eu\/sl\/project-summary\/","title":{"rendered":"Na kratko o projektu"},"content":{"rendered":"<p>Delo pomor\u0161\u010dakov na ladji je eden najte\u017ejih in najzahtevnej\u0161ih poklicev. Pomor\u0161\u010daki imajo velikokrat zelo dolg delovnik, delajo dale\u010d od doma, so izolirani v multikulturnem, mikrodru\u017ebenem okolju, ki je urejeno strogo hierarhi\u010dno. Raziskave so pokazale, da je ustrahovanje zelo pogost pojav na ladjah. Tak\u0161ne situacije velikokrat posledi\u010dno povzro\u010dijo te\u017eave v mentalnem zdravju, kar prina\u0161a tveganja za \u017eivljenja posameznikov, za ladje, potnike, tovor in ne nazadnje tudi za onesna\u017eenje okolja in lokalno obmorsko gospodarstvo.<\/p>\n<p>PROmoting MEnTal HEAlth at Sea (PROMETHEAS) je projekt v okviru Erasmus+ KA2 strate\u0161kega partnerstva za poklicno izobra\u017eevanje, ki razvija inovacije na podro\u010dju pomorske industrije. Osrednji cilj tega projekta je razviti te\u010daj usposabljanja in zbrati u\u010dne vire za pomor\u0161\u010dake in pomorske delavce, ki jim bodo pomagali ohranjati in izbolj\u0161ati mentalno zdravje. Projekt se osredoto\u010da na razli\u010dna vpra\u0161anja, ki izhajajo iz te\u017eav z mentalnim zdravjem, in bo slu\u0161ateljem zagotovil potrebne informacije in svetovanje o tem, kako se soo\u010diti s te\u017eavami.<\/p>\n<p>Glavna ciljna skupina projekta PROMETHEAS so kapitani dolge plovbe, kadeti in ostali pomor\u0161\u010daki.<br \/>\nVsebine bodo uporabne tudi za vse strokovnjake, ki delajo na podro\u010dju mentalnega zdravja in ustrahovanja za pomor\u0161\u010dake, ustanove za poklicno izobra\u017eevanje, svetovalce za to podro\u010dje in tudi za navti\u010dne akademije in pomorska podjetja.<\/p>\n<p>Na projektu sodeluje sedem partnerskih organizacij; tri pomorske univerze, tri zasebna izobra\u017eevalna podjetja z izku\u0161njami v pomorskem sektorju in \u0161e zdru\u017eenje podjetij iz pomorskega sektorja, ki ima tesne povezave s socialnimi partnerji. Partnerske organizacije prihajajo iz \u0161estih dr\u017eav (Poljske, Finske, Gr\u010dije, Slovenije, \u0160panije in Velike Britanije).<\/p>\n<p>V okviru projekta PROMETHEAS bomo ustvaril tri klju\u010dne intelektualne vsebine:<br \/>\n1. repozitorij virov o mentalnem zdravju za pomor\u0161\u010dake,<br \/>\n2. spletni te\u010daj za kapitane in pomor\u0161\u010dake,<br \/>\n3. digitalno aplikacija - samoocenjevanje.<\/p>\n<p>Organizirali bomo tudi skupno u\u010dno dejavnost za osebje v Raumi na Finskem na temo \u00bbOblikovanje in za\u010detni razvoj vsebin usposabljanja o mentalnem zdravju kapitanov in pomor\u0161\u010dakov\u00ab ter 6 multiplikativnih dogodkov v Szczecinu, Raumi, Ljubljani, Cadizu, Pireju in Coventryju.<br \/>\nIzsledke in vsebine projekta bomo delili v okviru razli\u010dnih dejavnosti:<\/p>\n<ul>\n<li>Razvoj strategije raz\u0161irjanja in izkori\u0161\u010danja rezultatov projekta<\/li>\n<li>Razvoj spletne strani\/dru\u017ebenih medijev (Facebook, LinkedIn)<\/li>\n<li>Razvoj blagovne znamke\/loga\/zgibanke projekta<\/li>\n<li>Vzpostavitev seznamov prejemnikov za raz\u0161irjanje rezultatov projekta<\/li>\n<li>Razvoj in distribucija petih glasil<\/li>\n<li>\u010clanki (EPALE, DISCUSS, University Press, pomorske revije itd.)<\/li>\n<li>Predstavitve na dr\u017eavnih konferencah in dogodkih<\/li>\n<li>Promocija na Facebooku in LinkedInu<\/li>\n<li>Posodobljena in kon\u010dna strategija izkori\u0161\u010danja rezultatov projekta<\/li>\n<\/ul>\n<p>Vsi partnerji bodo uporabili svoje diseminacijske sposobnosti in se bodo vklju\u010dili v EU povezave in mednarodne organizacije, kot so IWHO, ILO, Evropski transportni delavci (ETF), Mednarodna pomorska organizacija (IMO), Mednarodna mre\u017ea za dobro po\u010dutje in pomo\u010d pomor\u0161\u010dakom (ISWAN) itd.<\/p>\n<p>PROMETHEAS projekt vklju\u010duje \u0161tevilne dejavnosti, s katerimi bo na ciljanih testnih skupinah zagotovil obse\u017eno testiranje rezultatov projekta, z namenom zagotoviti kvaliteto izdelkov. Pri\u010dakuje se, da bo v \u010dasu trajanja projekta dose\u017eenih pribli\u017eno 15.000 oseb iz ciljnih skupin.<\/p>\n<p>Projekt je inovativen na svojem podro\u010dju, saj:<\/p>\n<ul>\n<li>mentalno zdravje in ustrahovanje na plovilih \u0161e ni bilo nikoli prej predmet Erasmus+ projekta;<\/li>\n<li>uporabili bomo celosten pristop k obravnavi dobrega po\u010dutja pomor\u0161\u010dakov, vklju\u010dno z razli\u010dnimi fizi\u010dnimi, \u010dustvenimi, kulturnimi in organizacijskimi dejavniki (in ustreznimi vajami);<\/li>\n<li>v celoti bo izkoristil digitalne tehnologije in zagotovil aplikacijo za usposabljanje in spremljanje na delovnem mestu, namesto da bi se zana\u0161al na tradicionalna sredstva usposabljanja, ki ne ustrezajo dejanskim potrebam ciljne skupine;<\/li>\n<li>uporabljali bomo igralni element, ki \u017ee sam po sebi deluje protistresno in zdravilno na mentalno zdravje, ter sistem nagrajevanja z zna\u010dkami po zaklju\u010dku vsake stopnje pridobivanja u\u010dnih rezultatov.<\/li>\n<\/ul>\n<p>Vse vsebine, ki bodo nastale v okviru projekta, bodo na voljo v angle\u0161kem, poljskem, slovenskem, \u0161panskem in gr\u0161kem jeziku.<\/p>","protected":false},"excerpt":{"rendered":"<p>Seafarers\u2019 work in vessels at sea is one of the hardest, most demanding and under very difficult conditions profession. Seafarers often work for very long hours, far from their relatives, &#8230;<\/p>","protected":false},"author":1,"featured_media":0,"parent":0,"menu_order":0,"comment_status":"closed","ping_status":"closed","template":"","meta":{"footnotes":""},"_links":{"self":[{"href":"https:\/\/prometheasproject.eu\/sl\/wp-json\/wp\/v2\/pages\/26"}],"collection":[{"href":"https:\/\/prometheasproject.eu\/sl\/wp-json\/wp\/v2\/pages"}],"about":[{"href":"https:\/\/prometheasproject.eu\/sl\/wp-json\/wp\/v2\/types\/page"}],"author":[{"embeddable":true,"href":"https:\/\/prometheasproject.eu\/sl\/wp-json\/wp\/v2\/users\/1"}],"replies":[{"embeddable":true,"href":"https:\/\/prometheasproject.eu\/sl\/wp-json\/wp\/v2\/comments?post=26"}],"version-history":[{"count":8,"href":"https:\/\/prometheasproject.eu\/sl\/wp-json\/wp\/v2\/pages\/26\/revisions"}],"predecessor-version":[{"id":1542,"href":"https:\/\/prometheasproject.eu\/sl\/wp-json\/wp\/v2\/pages\/26\/revisions\/1542"}],"wp:attachment":[{"href":"https:\/\/prometheasproject.eu\/sl\/wp-json\/wp\/v2\/media?parent=26"}],"curies":[{"name":"wp","href":"https:\/\/api.w.org\/{rel}","templated":true}]}}