{"id":26,"date":"2016-02-12T08:13:33","date_gmt":"2016-02-12T08:13:33","guid":{"rendered":"http:\/\/demos.famethemes.com\/onepress\/?page_id=26"},"modified":"2022-08-24T18:08:36","modified_gmt":"2022-08-24T18:08:36","slug":"project-summary","status":"publish","type":"page","link":"https:\/\/prometheasproject.eu\/pl\/project-summary\/","title":{"rendered":"O projekcie"},"content":{"rendered":"<p>Praca marynarzy na statkach morskich jest jednym z najci\u0119\u017cszych, najbardziej wymagaj\u0105cych zawod\u00f3w. Marynarze cz\u0119sto pracuj\u0105 przez bardzo d\u0142ugie godziny, z dala od swoich krewnych, odizolowani w wielokulturowym, wysoce zhierarchizowanym mikrospo\u0142ecze\u0144stwie. Badania wykaza\u0142y r\u00f3wnie\u017c, \u017ce cz\u0119stym zjawiskiem na statkach jest n\u0119kanie i zastraszanie marynarzy. Takie sytuacje cz\u0119sto powoduj\u0105 problemy ze zdrowiem psychicznym, kt\u00f3re zagra\u017caj\u0105 \u017cyciu, statkowi, pasa\u017cerom, \u0142adunkom, \u015brodowisku przed zanieczyszczeniem i lokalnym gospodarkom przybrze\u017cnym.<\/p>\n<p>PROmoting MEnTal HEAlth at Sea  (PROMETHEAS) to strategiczne partnerstwo Erasmus+ KA2 VET (kszta\u0142cenie i szkolenia zawodowe) skupiaj\u0105ce si\u0119 na rozwoju innowacji dla morskiego przemys\u0142u handlowego. G\u0142\u00f3wnym celem tego projektu jest opracowanie kursu szkoleniowego i zasob\u00f3w edukacyjnych dla marynarzy i pracownik\u00f3w morskich dotycz\u0105cych zachowania i poprawy ich zdrowia psychicznego.  Projekt skupi si\u0119 na r\u00f3\u017cnych kwestiach wynikaj\u0105cych z problem\u00f3w ze zdrowiem psychicznym i zapewni ucz\u0105cym si\u0119 niezb\u0119dne informacje i konsultacje na temat radzenia sobie z tymi problemami.<\/p>\n<p>G\u0142\u00f3wn\u0105 grup\u0105 docelow\u0105 projektu PROMETHEAS s\u0105 kapitanowie marynarki handlowej, marynarze i kadeci,<br \/>\nnatomiast dodatkowymi beneficjentami b\u0119d\u0105 trenerzy zdrowia psychicznego i n\u0119kania, o\u015brodki szkolenia zawodowego (VET) oraz konsultanci sektora, a tak\u017ce szko\u0142y \u017ceglarskie i firmy \u017ceglugowe.<\/p>\n<p>Partnerami jest siedem organizacji (3 uczelnie morskie, 3 prywatne firmy szkoleniowe-konsultanci z do\u015bwiadczeniem w sektorze oraz stowarzyszenie firm sektora morskiego o silnych powi\u0105zaniach z partnerami spo\u0142ecznymi) pochodz\u0105cych z 6 kraj\u00f3w (Polska, Finlandia, Grecja, S\u0142owenia, Hiszpania i Wielka Brytania).<\/p>\n<p>M\u00f3wi\u0105c dok\u0142adniej, PROMETHEAS stworzy trzy podstawowe rezultaty pracy intelektualnej:<br \/>\n1. Repozytorium zasob\u00f3w dotycz\u0105cych zdrowia psychicznego dla personelu morskiego<br \/>\n2. Kurs e-learningowy dla kapitan\u00f3w i marynarzy<br \/>\n3. Aplikacja do samooceny zdrowia psychicznego<\/p>\n<p>Zorganizowane zostanie r\u00f3wnie\u017c wsp\u00f3lne szkolenie personelu w Raumie (Finlandia) na temat \u201eProjektowania i wst\u0119pnego opracowywania tre\u015bci szkoleniowych dotycz\u0105cych zdrowia psychicznego kapitan\u00f3w i marynarzy\u201d oraz 6 wydarze\u0144 upowszechniaj\u0105cych w Szczecinie, Raumie, Lublanie, Kadyksie, Pireusie i Coventry.<br \/>\nDzia\u0142ania upowszechniaj\u0105ce to np.:<\/p>\n<ul>\n<li>Opracowanie strategii upowszechniania i eksploatacji<\/li>\n<li>Rozw\u00f3j strony internetowej\/media spo\u0142eczno\u015bciowe (Facebook, LinkedIn)<\/li>\n<li>Opracowanie marki\/logo\/ulotki projektu<\/li>\n<li>Ustanowienie list odbiorc\u00f3w do rozpowszechniania<\/li>\n<li>Opracowanie i dystrybucja pi\u0119ciu biuletyn\u00f3w<\/li>\n<li>Artyku\u0142y (EPALE, DISCUSS, University Press, magazyny morskie itp.)<\/li>\n<li>Prezentacja na krajowych konferencjach i wydarzeniach<\/li>\n<li>Promocja na Facebooku i LinkedIn<\/li>\n<li>Zaktualizowana i ostateczna strategia eksploatacji<\/li>\n<\/ul>\n<p>Wszyscy partnerzy b\u0119d\u0105 wykorzystywa\u0107 swoje sieci rozpowszechniania, a tak\u017ce b\u0119d\u0105 anga\u017cowa\u0107 w projekt obejmuj\u0105ce ca\u0142\u0105 UE sieci i organizacje mi\u0119dzynarodowe, takie jak IWHO, ILO, Europejscy Pracownicy Transportu (ETF), Mi\u0119dzynarodowa Organizacja Morska (IMO), Mi\u0119dzynarodowa Sie\u0107 Pomocy i Opieki Maryna\u0144skiej (ISWAN). itp.<\/p>\n<p>PROMETHEAS ma wbudowane dzia\u0142ania , takie jak liczne grupy fokusowe i szeroko zakrojone pilota\u017ce wbudowane w plan projektu, aby zapewni\u0107 jako\u015b\u0107 wynik\u00f3w projektu. Oczekuje si\u0119, \u017ce w trakcie trwania projektu dotrze do oko\u0142o 15 000 os\u00f3b nale\u017c\u0105cych do grup docelowych.<\/p>\n<p>Projekt jest innowacyjny, poniewa\u017c:<\/p>\n<ul>\n<li>zdrowie psychiczne i zastraszanie na statkach to tematy, kt\u00f3rych projekty Erasmus+ nie zajmowa\u0142y si\u0119 do tej pory;<\/li>\n<li>zastosuje holistyczne podej\u015bcie do dobrego samopoczucia marynarzy, obejmuj\u0105ce r\u00f3\u017cnorodny zakres czynnik\u00f3w fizycznych, emocjonalnych, kulturowych i organizacyjnych (oraz odpowiednie \u0107wiczenia);<\/li>\n<li>b\u0119dzie w pe\u0142ni wykorzystywa\u0107 technologie cyfrowe i dostarcza\u0107 szkolenia i aplikacje monitoruj\u0105ce w miejscu pracy, zamiast polega\u0107 na tradycyjnych \u015brodkach szkoleniowych, kt\u00f3re nie odpowiadaj\u0105 rzeczywistym potrzebom grupy docelowej;<\/li>\n<li>b\u0119dzie wykorzystywa\u0142 element gry, maj\u0105cy sam w sobie antystresowy i leczniczy wp\u0142yw na zdrowie psychiczne oraz system nagradzania odznakami po uko\u0144czeniu ka\u017cdego etapu zdobywania efekt\u00f3w uczenia si\u0119.<\/li>\n<\/ul>\n<p>Rezultaty b\u0119d\u0105 dost\u0119pne w j\u0119zyku angielskim, polskim, fi\u0144skim, s\u0142owe\u0144skim, hiszpa\u0144skim i greckim.<\/p>","protected":false},"excerpt":{"rendered":"<p>Seafarers\u2019 work in vessels at sea is one of the hardest, most demanding and under very difficult conditions profession. Seafarers often work for very long hours, far from their relatives, &#8230;<\/p>","protected":false},"author":1,"featured_media":0,"parent":0,"menu_order":0,"comment_status":"closed","ping_status":"closed","template":"","meta":{"footnotes":""},"_links":{"self":[{"href":"https:\/\/prometheasproject.eu\/pl\/wp-json\/wp\/v2\/pages\/26"}],"collection":[{"href":"https:\/\/prometheasproject.eu\/pl\/wp-json\/wp\/v2\/pages"}],"about":[{"href":"https:\/\/prometheasproject.eu\/pl\/wp-json\/wp\/v2\/types\/page"}],"author":[{"embeddable":true,"href":"https:\/\/prometheasproject.eu\/pl\/wp-json\/wp\/v2\/users\/1"}],"replies":[{"embeddable":true,"href":"https:\/\/prometheasproject.eu\/pl\/wp-json\/wp\/v2\/comments?post=26"}],"version-history":[{"count":8,"href":"https:\/\/prometheasproject.eu\/pl\/wp-json\/wp\/v2\/pages\/26\/revisions"}],"predecessor-version":[{"id":1542,"href":"https:\/\/prometheasproject.eu\/pl\/wp-json\/wp\/v2\/pages\/26\/revisions\/1542"}],"wp:attachment":[{"href":"https:\/\/prometheasproject.eu\/pl\/wp-json\/wp\/v2\/media?parent=26"}],"curies":[{"name":"wp","href":"https:\/\/api.w.org\/{rel}","templated":true}]}}